{"id":1090,"date":"2025-08-12T15:46:32","date_gmt":"2025-08-12T15:46:32","guid":{"rendered":"https:\/\/pluritime.pt\/gestion-de-la-paie-pour-particuliers-et-entreprises-francophones-au-portugal-madere-et-acores\/"},"modified":"2025-08-12T17:01:57","modified_gmt":"2025-08-12T17:01:57","slug":"gestion-de-la-paie-pour-particuliers-et-entreprises-francophones-au-portugal-madere-et-acores","status":"publish","type":"page","link":"https:\/\/pluritime.pt\/fr\/gestion-de-la-paie-pour-particuliers-et-entreprises-francophones-au-portugal-madere-et-acores\/","title":{"rendered":"Gestion de la Paie pour Particuliers et Entreprises Francophones au Portugal, Mad\u00e8re et A\u00e7ores"},"content":{"rendered":"\t\t<div data-elementor-type=\"wp-page\" data-elementor-id=\"1090\" class=\"elementor elementor-1090 elementor-1018\" data-elementor-post-type=\"page\">\n\t\t\t\t<div class=\"elementor-element elementor-element-eb449d1 e-flex e-con-boxed e-con e-parent\" data-id=\"eb449d1\" data-element_type=\"container\" data-settings=\"{&quot;background_background&quot;:&quot;classic&quot;}\">\n\t\t\t\t\t<div class=\"e-con-inner\">\n\t\t<div class=\"elementor-element elementor-element-327f5d5 e-con-full e-flex e-con e-child\" data-id=\"327f5d5\" data-element_type=\"container\">\n\t\t\t\t<div class=\"elementor-element elementor-element-aba24ce elementor-widget elementor-widget-heading\" data-id=\"aba24ce\" data-element_type=\"widget\" data-widget_type=\"heading.default\">\n\t\t\t\t<div class=\"elementor-widget-container\">\n\t\t\t\t\t<h1 class=\"elementor-heading-title elementor-size-default\">Accompagnement en Gestion de la Paie pour les Entrepreneurs Francophones au Portugal, Mad\u00e8re et A\u00e7ores<\/h1>\t\t\t\t<\/div>\n\t\t\t\t<\/div>\n\t\t\t\t<\/div>\n\t\t\t\t\t<\/div>\n\t\t\t\t<\/div>\n\t\t<div class=\"elementor-element elementor-element-64bf5fc e-flex e-con-boxed e-con e-parent\" data-id=\"64bf5fc\" data-element_type=\"container\" data-settings=\"{&quot;background_background&quot;:&quot;classic&quot;,&quot;background_motion_fx_motion_fx_scrolling&quot;:&quot;yes&quot;,&quot;background_motion_fx_translateY_effect&quot;:&quot;yes&quot;,&quot;background_motion_fx_translateY_speed&quot;:{&quot;unit&quot;:&quot;px&quot;,&quot;size&quot;:5.3,&quot;sizes&quot;:[]},&quot;background_motion_fx_translateY_affectedRange&quot;:{&quot;unit&quot;:&quot;%&quot;,&quot;size&quot;:&quot;&quot;,&quot;sizes&quot;:{&quot;start&quot;:0,&quot;end&quot;:100}},&quot;background_motion_fx_devices&quot;:[&quot;desktop&quot;,&quot;tablet&quot;,&quot;mobile&quot;]}\">\n\t\t\t\t\t<div class=\"e-con-inner\">\n\t\t<div class=\"elementor-element elementor-element-15d6bef e-con-full e-flex e-con e-child\" data-id=\"15d6bef\" data-element_type=\"container\" data-settings=\"{&quot;background_background&quot;:&quot;classic&quot;}\">\n\t\t\t\t<\/div>\n\t\t<div class=\"elementor-element elementor-element-12e014c e-con-full e-flex e-con e-child\" data-id=\"12e014c\" data-element_type=\"container\">\n\t\t\t\t<div class=\"elementor-element elementor-element-a49cc14 elementor-widget elementor-widget-heading\" data-id=\"a49cc14\" data-element_type=\"widget\" data-widget_type=\"heading.default\">\n\t\t\t\t<div class=\"elementor-widget-container\">\n\t\t\t\t\t<h3 class=\"elementor-heading-title elementor-size-default\">Chez Pluritime, nous mettons plus de 21 ans d\u2019exp\u00e9rience au service des entrepreneurs francophones qui d\u00e9veloppent leur activit\u00e9 au Portugal, Mad\u00e8re et A\u00e7ores.<\/h3>\t\t\t\t<\/div>\n\t\t\t\t<\/div>\n\t\t\t\t<div class=\"elementor-element elementor-element-6aba715 elementor-widget elementor-widget-text-editor\" data-id=\"6aba715\" data-element_type=\"widget\" data-widget_type=\"text-editor.default\">\n\t\t\t\t<div class=\"elementor-widget-container\">\n\t\t\t\t\t\t\t\t\t<p>Notre service de gestion de la paie a \u00e9t\u00e9 sp\u00e9cialement con\u00e7u pour garantir le respect rigoureux des obligations l\u00e9gales et sociales, avec l\u2019appui de sp\u00e9cialistes parfaitement francophones, assurant une communication claire et sans barri\u00e8res.<\/p>\t\t\t\t\t\t\t\t<\/div>\n\t\t\t\t<\/div>\n\t\t\t\t<\/div>\n\t\t\t\t\t<\/div>\n\t\t\t\t<\/div>\n\t\t<div class=\"elementor-element elementor-element-1197b0c e-flex e-con-boxed e-con e-parent\" data-id=\"1197b0c\" data-element_type=\"container\" data-settings=\"{&quot;background_background&quot;:&quot;classic&quot;}\">\n\t\t\t\t\t<div class=\"e-con-inner\">\n\t\t<div class=\"elementor-element elementor-element-c988613 e-con-full e-flex e-con e-child\" data-id=\"c988613\" data-element_type=\"container\" data-settings=\"{&quot;background_background&quot;:&quot;classic&quot;}\">\n\t\t<div class=\"elementor-element elementor-element-0b4b25a e-con-full e-flex e-con e-child\" data-id=\"0b4b25a\" data-element_type=\"container\">\n\t\t\t\t<div class=\"elementor-element elementor-element-c80c038 elementor-widget elementor-widget-heading\" data-id=\"c80c038\" data-element_type=\"widget\" data-widget_type=\"heading.default\">\n\t\t\t\t<div class=\"elementor-widget-container\">\n\t\t\t\t\t<h5 class=\"elementor-heading-title elementor-size-default\">La gestion salariale au Portugal requiert une connaissance approfondie du droit du travail portugais, en constante \u00e9volution, ainsi qu\u2019une grande pr\u00e9cision dans le calcul des salaires, des retenues \u00e0 la source, des cotisations sociales et des d\u00e9clarations obligatoires.<\/h5>\t\t\t\t<\/div>\n\t\t\t\t<\/div>\n\t\t\t\t<div class=\"elementor-element elementor-element-948ba3e elementor-widget elementor-widget-text-editor\" data-id=\"948ba3e\" data-element_type=\"widget\" data-widget_type=\"text-editor.default\">\n\t\t\t\t<div class=\"elementor-widget-container\">\n\t\t\t\t\t\t\t\t\t<p>Notre \u00e9quipe prend en charge l\u2019ensemble de ce processus avec efficacit\u00e9, discr\u00e9tion et professionnalisme, lib\u00e9rant ainsi les dirigeants des t\u00e2ches administratives et leur permettant de se concentrer sur la croissance strat\u00e9gique de leur entreprise.<\/p>\t\t\t\t\t\t\t\t<\/div>\n\t\t\t\t<\/div>\n\t\t\t\t<\/div>\n\t\t<div class=\"elementor-element elementor-element-535d2b5 e-con-full e-flex e-con e-child\" data-id=\"535d2b5\" data-element_type=\"container\">\n\t\t\t\t<div class=\"elementor-element elementor-element-b45f142 elementor-widget elementor-widget-text-editor\" data-id=\"b45f142\" data-element_type=\"widget\" data-widget_type=\"text-editor.default\">\n\t\t\t\t<div class=\"elementor-widget-container\">\n\t\t\t\t\t\t\t\t\t<p>Au-del\u00e0 du traitement mensuel des salaires, nous accompagnons nos clients dans des domaines tels que les subventions \u00e0 l\u2019embauche ou les demandes d\u2019aides publiques, toujours avec un suivi personnalis\u00e9, assur\u00e9 en fran\u00e7ais. Notre exp\u00e9rience aupr\u00e8s des entrepreneurs francophones nous permet d\u2019anticiper les besoins, de lever les doutes et d\u2019adapter nos services \u00e0 la r\u00e9alit\u00e9 de chaque client, en garantissant s\u00e9curit\u00e9 et tranquillit\u00e9 d\u2019esprit.<\/p>\t\t\t\t\t\t\t\t<\/div>\n\t\t\t\t<\/div>\n\t\t\t\t<div class=\"elementor-element elementor-element-ad97673 elementor-widget elementor-widget-text-editor\" data-id=\"ad97673\" data-element_type=\"widget\" data-widget_type=\"text-editor.default\">\n\t\t\t\t<div class=\"elementor-widget-container\">\n\t\t\t\t\t\t\t\t\t<p>En choisissant Pluritime, vous b\u00e9n\u00e9ficiez d\u2019un partenaire qui comprend \u00e0 la fois les exigences du cadre l\u00e9gal portugais et les attentes de ceux qui viennent de l\u2019\u00e9tranger. Nous offrons un service complet, avec un accompagnement technique expert, des rapports clairs et une \u00e9quipe engag\u00e9e, disponible et proche de ses clients.<\/p>\t\t\t\t\t\t\t\t<\/div>\n\t\t\t\t<\/div>\n\t\t\t\t<\/div>\n\t\t\t\t<\/div>\n\t\t\t\t\t<\/div>\n\t\t\t\t<\/div>\n\t\t<div class=\"elementor-element elementor-element-88310a0 e-flex e-con-boxed e-con e-parent\" data-id=\"88310a0\" data-element_type=\"container\" data-settings=\"{&quot;background_background&quot;:&quot;classic&quot;}\">\n\t\t\t\t\t<div class=\"e-con-inner\">\n\t\t<div class=\"elementor-element elementor-element-467d5e1 e-con-full e-flex e-con e-child\" data-id=\"467d5e1\" data-element_type=\"container\" data-settings=\"{&quot;background_background&quot;:&quot;classic&quot;}\">\n\t\t\t\t<div class=\"elementor-element elementor-element-b16a3af elementor-view-default elementor-widget elementor-widget-icon\" data-id=\"b16a3af\" data-element_type=\"widget\" data-widget_type=\"icon.default\">\n\t\t\t\t<div class=\"elementor-widget-container\">\n\t\t\t\t\t\t\t<div class=\"elementor-icon-wrapper\">\n\t\t\t<div class=\"elementor-icon\">\n\t\t\t<svg xmlns=\"http:\/\/www.w3.org\/2000\/svg\" id=\"uuid-2e67356c-4cd3-42eb-bcd2-fccf2afc335e\" data-name=\"uuid-1c9263ed-6e1d-49cd-a998-d983e1ad0563\" viewBox=\"0 0 498.7 498.7\"><defs><style>      .uuid-d8da615f-e86a-4446-9910-3b7285fe537d {        fill: #8a0115;      }    <\/style><\/defs><path class=\"uuid-d8da615f-e86a-4446-9910-3b7285fe537d\" d=\"M353.17,498.69H0V0h498.7v353.17c0,80.24-65.28,145.53-145.53,145.53h0ZM58.35,440.34h294.82c48.07,0,87.17-39.11,87.17-87.17V58.35H58.35v381.99Z\"><\/path><path class=\"uuid-d8da615f-e86a-4446-9910-3b7285fe537d\" d=\"M299.46,377.67H116.7V112.38h265.29v182.76c0,45.51-37.02,82.53-82.53,82.53h0ZM160.36,334.02h139.1c21.44,0,38.88-17.44,38.88-38.88v-139.1h-177.99v177.99h.01Z\"><\/path><\/svg>\t\t\t<\/div>\n\t\t<\/div>\n\t\t\t\t\t\t<\/div>\n\t\t\t\t<\/div>\n\t\t\t\t<div class=\"elementor-element elementor-element-49bfdb7 elementor-widget elementor-widget-heading\" data-id=\"49bfdb7\" data-element_type=\"widget\" data-widget_type=\"heading.default\">\n\t\t\t\t<div class=\"elementor-widget-container\">\n\t\t\t\t\t<h3 class=\"elementor-heading-title elementor-size-default\">Si vous recherchez un service de gestion de la paie professionnel, assur\u00e9 par des conseillers francophones exp\u00e9riment\u00e9s, alliant savoir-faire technique et v\u00e9ritable esprit de partenariat, Pluritime est le choix id\u00e9al pour vous accompagner dans la gestion efficace de vos ressources humaines au Portugal, Mad\u00e8re ou A\u00e7ores.<\/h3>\t\t\t\t<\/div>\n\t\t\t\t<\/div>\n\t\t\t\t<div class=\"elementor-element elementor-element-3779f77 elementor-align-center elementor-widget elementor-widget-button\" data-id=\"3779f77\" data-element_type=\"widget\" data-widget_type=\"button.default\">\n\t\t\t\t<div class=\"elementor-widget-container\">\n\t\t\t\t\t\t\t\t\t<div class=\"elementor-button-wrapper\">\n\t\t\t\t\t<a class=\"elementor-button elementor-button-link elementor-size-sm\" href=\"#elementor-action%3Aaction%3Dpopup%3Aopen%26settings%3DeyJpZCI6MTA4NCwidG9nZ2xlIjpmYWxzZX0%3D\">\n\t\t\t\t\t\t<span class=\"elementor-button-content-wrapper\">\n\t\t\t\t\t\t<span class=\"elementor-button-icon\">\n\t\t\t\t<svg aria-hidden=\"true\" class=\"e-font-icon-svg e-fab-wpforms\" viewBox=\"0 0 448 512\" xmlns=\"http:\/\/www.w3.org\/2000\/svg\"><path d=\"M448 75.2v361.7c0 24.3-19 43.2-43.2 43.2H43.2C19.3 480 0 461.4 0 436.8V75.2C0 51.1 18.8 32 43.2 32h361.7c24 0 43.1 18.8 43.1 43.2zm-37.3 361.6V75.2c0-3-2.6-5.8-5.8-5.8h-9.3L285.3 144 224 94.1 162.8 144 52.5 69.3h-9.3c-3.2 0-5.8 2.8-5.8 5.8v361.7c0 3 2.6 5.8 5.8 5.8h361.7c3.2.1 5.8-2.7 5.8-5.8zM150.2 186v37H76.7v-37h73.5zm0 74.4v37.3H76.7v-37.3h73.5zm11.1-147.3l54-43.7H96.8l64.5 43.7zm210 72.9v37h-196v-37h196zm0 74.4v37.3h-196v-37.3h196zm-84.6-147.3l64.5-43.7H232.8l53.9 43.7zM371.3 335v37.3h-99.4V335h99.4z\"><\/path><\/svg>\t\t\t<\/span>\n\t\t\t\t\t\t\t\t\t<span class=\"elementor-button-text\">Nous Contacter<\/span>\n\t\t\t\t\t<\/span>\n\t\t\t\t\t<\/a>\n\t\t\t\t<\/div>\n\t\t\t\t\t\t\t\t<\/div>\n\t\t\t\t<\/div>\n\t\t\t\t<\/div>\n\t\t\t\t\t<\/div>\n\t\t\t\t<\/div>\n\t\t\t\t<\/div>\n\t\t","protected":false},"excerpt":{"rendered":"<p>Accompagnement en Gestion de la Paie pour les Entrepreneurs Francophones au Portugal, Mad\u00e8re et A\u00e7ores Chez Pluritime, nous mettons plus de 21 ans d\u2019exp\u00e9rience au service des entrepreneurs francophones qui d\u00e9veloppent leur activit\u00e9 au Portugal, Mad\u00e8re et A\u00e7ores. Notre service de gestion de la paie a \u00e9t\u00e9 sp\u00e9cialement con\u00e7u pour garantir le respect rigoureux des [&hellip;]<\/p>\n","protected":false},"author":1,"featured_media":0,"parent":0,"menu_order":0,"comment_status":"closed","ping_status":"closed","template":"","meta":{"_joinchat":[],"footnotes":""},"class_list":["post-1090","page","type-page","status-publish","hentry"],"yoast_head":"<!-- This site is optimized with the Yoast SEO plugin v25.7 - https:\/\/yoast.com\/wordpress\/plugins\/seo\/ -->\n<title>Gestion de la Paie pour Particuliers et Entreprises Francophones au Portugal, Mad\u00e8re et A\u00e7ores - Pluritime<\/title>\n<meta name=\"robots\" content=\"index, follow, max-snippet:-1, max-image-preview:large, max-video-preview:-1\" \/>\n<link rel=\"canonical\" href=\"https:\/\/pluritime.pt\/fr\/gestion-de-la-paie-pour-particuliers-et-entreprises-francophones-au-portugal-madere-et-acores\/\" \/>\n<meta property=\"og:locale\" content=\"fr_FR\" \/>\n<meta property=\"og:type\" content=\"article\" \/>\n<meta property=\"og:title\" content=\"Gestion de la Paie pour Particuliers et Entreprises Francophones au Portugal, Mad\u00e8re et A\u00e7ores - Pluritime\" \/>\n<meta property=\"og:description\" content=\"Accompagnement en Gestion de la Paie pour les Entrepreneurs Francophones au Portugal, Mad\u00e8re et A\u00e7ores Chez Pluritime, nous mettons plus de 21 ans d\u2019exp\u00e9rience au service des entrepreneurs francophones qui d\u00e9veloppent leur activit\u00e9 au Portugal, Mad\u00e8re et A\u00e7ores. Notre service de gestion de la paie a \u00e9t\u00e9 sp\u00e9cialement con\u00e7u pour garantir le respect rigoureux des [&hellip;]\" \/>\n<meta property=\"og:url\" content=\"https:\/\/pluritime.pt\/fr\/gestion-de-la-paie-pour-particuliers-et-entreprises-francophones-au-portugal-madere-et-acores\/\" \/>\n<meta property=\"og:site_name\" content=\"Pluritime\" \/>\n<meta property=\"article:modified_time\" content=\"2025-08-12T17:01:57+00:00\" \/>\n<meta name=\"twitter:card\" content=\"summary_large_image\" \/>\n<meta name=\"twitter:label1\" content=\"Dur\u00e9e de lecture estim\u00e9e\" \/>\n\t<meta name=\"twitter:data1\" content=\"2 minutes\" \/>\n<script type=\"application\/ld+json\" class=\"yoast-schema-graph\">{\"@context\":\"https:\/\/schema.org\",\"@graph\":[{\"@type\":\"WebPage\",\"@id\":\"https:\/\/pluritime.pt\/fr\/gestion-de-la-paie-pour-particuliers-et-entreprises-francophones-au-portugal-madere-et-acores\/\",\"url\":\"https:\/\/pluritime.pt\/fr\/gestion-de-la-paie-pour-particuliers-et-entreprises-francophones-au-portugal-madere-et-acores\/\",\"name\":\"Gestion de la Paie pour Particuliers et Entreprises Francophones au Portugal, Mad\u00e8re et A\u00e7ores - Pluritime\",\"isPartOf\":{\"@id\":\"https:\/\/pluritime.pt\/fr\/#website\"},\"datePublished\":\"2025-08-12T15:46:32+00:00\",\"dateModified\":\"2025-08-12T17:01:57+00:00\",\"breadcrumb\":{\"@id\":\"https:\/\/pluritime.pt\/fr\/gestion-de-la-paie-pour-particuliers-et-entreprises-francophones-au-portugal-madere-et-acores\/#breadcrumb\"},\"inLanguage\":\"fr-FR\",\"potentialAction\":[{\"@type\":\"ReadAction\",\"target\":[\"https:\/\/pluritime.pt\/fr\/gestion-de-la-paie-pour-particuliers-et-entreprises-francophones-au-portugal-madere-et-acores\/\"]}]},{\"@type\":\"BreadcrumbList\",\"@id\":\"https:\/\/pluritime.pt\/fr\/gestion-de-la-paie-pour-particuliers-et-entreprises-francophones-au-portugal-madere-et-acores\/#breadcrumb\",\"itemListElement\":[{\"@type\":\"ListItem\",\"position\":1,\"name\":\"In\u00edcio\",\"item\":\"https:\/\/pluritime.pt\/fr\/\"},{\"@type\":\"ListItem\",\"position\":2,\"name\":\"Gestion de la Paie pour Particuliers et Entreprises Francophones au Portugal, Mad\u00e8re et A\u00e7ores\"}]},{\"@type\":\"WebSite\",\"@id\":\"https:\/\/pluritime.pt\/fr\/#website\",\"url\":\"https:\/\/pluritime.pt\/fr\/\",\"name\":\"Pluritime\",\"description\":\"\",\"potentialAction\":[{\"@type\":\"SearchAction\",\"target\":{\"@type\":\"EntryPoint\",\"urlTemplate\":\"https:\/\/pluritime.pt\/fr\/?s={search_term_string}\"},\"query-input\":{\"@type\":\"PropertyValueSpecification\",\"valueRequired\":true,\"valueName\":\"search_term_string\"}}],\"inLanguage\":\"fr-FR\"}]}<\/script>\n<!-- \/ Yoast SEO plugin. -->","yoast_head_json":{"title":"Gestion de la Paie pour Particuliers et Entreprises Francophones au Portugal, Mad\u00e8re et A\u00e7ores - Pluritime","robots":{"index":"index","follow":"follow","max-snippet":"max-snippet:-1","max-image-preview":"max-image-preview:large","max-video-preview":"max-video-preview:-1"},"canonical":"https:\/\/pluritime.pt\/fr\/gestion-de-la-paie-pour-particuliers-et-entreprises-francophones-au-portugal-madere-et-acores\/","og_locale":"fr_FR","og_type":"article","og_title":"Gestion de la Paie pour Particuliers et Entreprises Francophones au Portugal, Mad\u00e8re et A\u00e7ores - Pluritime","og_description":"Accompagnement en Gestion de la Paie pour les Entrepreneurs Francophones au Portugal, Mad\u00e8re et A\u00e7ores Chez Pluritime, nous mettons plus de 21 ans d\u2019exp\u00e9rience au service des entrepreneurs francophones qui d\u00e9veloppent leur activit\u00e9 au Portugal, Mad\u00e8re et A\u00e7ores. Notre service de gestion de la paie a \u00e9t\u00e9 sp\u00e9cialement con\u00e7u pour garantir le respect rigoureux des [&hellip;]","og_url":"https:\/\/pluritime.pt\/fr\/gestion-de-la-paie-pour-particuliers-et-entreprises-francophones-au-portugal-madere-et-acores\/","og_site_name":"Pluritime","article_modified_time":"2025-08-12T17:01:57+00:00","twitter_card":"summary_large_image","twitter_misc":{"Dur\u00e9e de lecture estim\u00e9e":"2 minutes"},"schema":{"@context":"https:\/\/schema.org","@graph":[{"@type":"WebPage","@id":"https:\/\/pluritime.pt\/fr\/gestion-de-la-paie-pour-particuliers-et-entreprises-francophones-au-portugal-madere-et-acores\/","url":"https:\/\/pluritime.pt\/fr\/gestion-de-la-paie-pour-particuliers-et-entreprises-francophones-au-portugal-madere-et-acores\/","name":"Gestion de la Paie pour Particuliers et Entreprises Francophones au Portugal, Mad\u00e8re et A\u00e7ores - Pluritime","isPartOf":{"@id":"https:\/\/pluritime.pt\/fr\/#website"},"datePublished":"2025-08-12T15:46:32+00:00","dateModified":"2025-08-12T17:01:57+00:00","breadcrumb":{"@id":"https:\/\/pluritime.pt\/fr\/gestion-de-la-paie-pour-particuliers-et-entreprises-francophones-au-portugal-madere-et-acores\/#breadcrumb"},"inLanguage":"fr-FR","potentialAction":[{"@type":"ReadAction","target":["https:\/\/pluritime.pt\/fr\/gestion-de-la-paie-pour-particuliers-et-entreprises-francophones-au-portugal-madere-et-acores\/"]}]},{"@type":"BreadcrumbList","@id":"https:\/\/pluritime.pt\/fr\/gestion-de-la-paie-pour-particuliers-et-entreprises-francophones-au-portugal-madere-et-acores\/#breadcrumb","itemListElement":[{"@type":"ListItem","position":1,"name":"In\u00edcio","item":"https:\/\/pluritime.pt\/fr\/"},{"@type":"ListItem","position":2,"name":"Gestion de la Paie pour Particuliers et Entreprises Francophones au Portugal, Mad\u00e8re et A\u00e7ores"}]},{"@type":"WebSite","@id":"https:\/\/pluritime.pt\/fr\/#website","url":"https:\/\/pluritime.pt\/fr\/","name":"Pluritime","description":"","potentialAction":[{"@type":"SearchAction","target":{"@type":"EntryPoint","urlTemplate":"https:\/\/pluritime.pt\/fr\/?s={search_term_string}"},"query-input":{"@type":"PropertyValueSpecification","valueRequired":true,"valueName":"search_term_string"}}],"inLanguage":"fr-FR"}]}},"_links":{"self":[{"href":"https:\/\/pluritime.pt\/fr\/wp-json\/wp\/v2\/pages\/1090","targetHints":{"allow":["GET"]}}],"collection":[{"href":"https:\/\/pluritime.pt\/fr\/wp-json\/wp\/v2\/pages"}],"about":[{"href":"https:\/\/pluritime.pt\/fr\/wp-json\/wp\/v2\/types\/page"}],"author":[{"embeddable":true,"href":"https:\/\/pluritime.pt\/fr\/wp-json\/wp\/v2\/users\/1"}],"replies":[{"embeddable":true,"href":"https:\/\/pluritime.pt\/fr\/wp-json\/wp\/v2\/comments?post=1090"}],"version-history":[{"count":0,"href":"https:\/\/pluritime.pt\/fr\/wp-json\/wp\/v2\/pages\/1090\/revisions"}],"wp:attachment":[{"href":"https:\/\/pluritime.pt\/fr\/wp-json\/wp\/v2\/media?parent=1090"}],"curies":[{"name":"wp","href":"https:\/\/api.w.org\/{rel}","templated":true}]}}