{"id":1157,"date":"2025-08-12T15:42:22","date_gmt":"2025-08-12T15:42:22","guid":{"rendered":"https:\/\/pluritime.pt\/buchhaltung-und-finanzreporting-auf-deutsch-fuer-unternehmer-in-portugal-madeira-und-den-azoren\/"},"modified":"2025-08-13T15:34:14","modified_gmt":"2025-08-13T15:34:14","slug":"buchhaltung-und-finanzreporting-auf-deutsch-fuer-unternehmer-in-portugal-madeira-und-den-azoren","status":"publish","type":"page","link":"https:\/\/pluritime.pt\/de\/buchhaltung-und-finanzreporting-auf-deutsch-fuer-unternehmer-in-portugal-madeira-und-den-azoren\/","title":{"rendered":"Buchhaltung und Finanzreporting auf Deutsch f\u00fcr Unternehmer in Portugal, Madeira und den Azoren"},"content":{"rendered":"\t\t<div data-elementor-type=\"wp-page\" data-elementor-id=\"1157\" class=\"elementor elementor-1157 elementor-1013\" data-elementor-post-type=\"page\">\n\t\t\t\t<div class=\"elementor-element elementor-element-5988301 e-flex e-con-boxed e-con e-parent\" data-id=\"5988301\" data-element_type=\"container\" data-settings=\"{&quot;background_background&quot;:&quot;classic&quot;}\">\n\t\t\t\t\t<div class=\"e-con-inner\">\n\t\t<div class=\"elementor-element elementor-element-3d7aba7 e-con-full e-flex e-con e-child\" data-id=\"3d7aba7\" data-element_type=\"container\">\n\t\t\t\t<div class=\"elementor-element elementor-element-8b576c5 elementor-widget elementor-widget-heading\" data-id=\"8b576c5\" data-element_type=\"widget\" data-widget_type=\"heading.default\">\n\t\t\t\t<div class=\"elementor-widget-container\">\n\t\t\t\t\t<h1 class=\"elementor-heading-title elementor-size-default\">Exklusiver Management-Report von Pluritime<\/h1>\t\t\t\t<\/div>\n\t\t\t\t<\/div>\n\t\t\t\t<div class=\"elementor-element elementor-element-c00c81a elementor-widget elementor-widget-heading\" data-id=\"c00c81a\" data-element_type=\"widget\" data-widget_type=\"heading.default\">\n\t\t\t\t<div class=\"elementor-widget-container\">\n\t\t\t\t\t<h4 class=\"elementor-heading-title elementor-size-default\">Hochwertige Information, vollst\u00e4ndig auf Deutsch<\/h4>\t\t\t\t<\/div>\n\t\t\t\t<\/div>\n\t\t\t\t<\/div>\n\t\t\t\t\t<\/div>\n\t\t\t\t<\/div>\n\t\t<div class=\"elementor-element elementor-element-88859c5 e-flex e-con-boxed e-con e-parent\" data-id=\"88859c5\" data-element_type=\"container\" data-settings=\"{&quot;background_background&quot;:&quot;classic&quot;,&quot;background_motion_fx_motion_fx_scrolling&quot;:&quot;yes&quot;,&quot;background_motion_fx_translateY_effect&quot;:&quot;yes&quot;,&quot;background_motion_fx_translateY_speed&quot;:{&quot;unit&quot;:&quot;px&quot;,&quot;size&quot;:5.3,&quot;sizes&quot;:[]},&quot;background_motion_fx_translateY_affectedRange&quot;:{&quot;unit&quot;:&quot;%&quot;,&quot;size&quot;:&quot;&quot;,&quot;sizes&quot;:{&quot;start&quot;:0,&quot;end&quot;:100}},&quot;background_motion_fx_devices&quot;:[&quot;desktop&quot;,&quot;tablet&quot;,&quot;mobile&quot;]}\">\n\t\t\t\t\t<div class=\"e-con-inner\">\n\t\t<div class=\"elementor-element elementor-element-a3e679f e-con-full e-flex e-con e-child\" data-id=\"a3e679f\" data-element_type=\"container\">\n\t\t\t\t<div class=\"elementor-element elementor-element-986253d elementor-widget elementor-widget-heading\" data-id=\"986253d\" data-element_type=\"widget\" data-widget_type=\"heading.default\">\n\t\t\t\t<div class=\"elementor-widget-container\">\n\t\t\t\t\t<h3 class=\"elementor-heading-title elementor-size-default\">Bei Pluritime verstehen wir Buchhaltung als strategisches Instrument zur Unternehmensentwicklung.<\/h3>\t\t\t\t<\/div>\n\t\t\t\t<\/div>\n\t\t\t\t<div class=\"elementor-element elementor-element-93cab00 elementor-align-center elementor-widget elementor-widget-lottie\" data-id=\"93cab00\" data-element_type=\"widget\" data-settings=\"{&quot;source_json&quot;:{&quot;url&quot;:&quot;https:\\\/\\\/pluritime.pt\\\/wp-content\\\/uploads\\\/down-arrow.json&quot;,&quot;id&quot;:436,&quot;size&quot;:&quot;&quot;,&quot;alt&quot;:&quot;&quot;,&quot;source&quot;:&quot;library&quot;},&quot;source&quot;:&quot;media_file&quot;,&quot;caption_source&quot;:&quot;none&quot;,&quot;link_to&quot;:&quot;none&quot;,&quot;trigger&quot;:&quot;arriving_to_viewport&quot;,&quot;viewport&quot;:{&quot;unit&quot;:&quot;%&quot;,&quot;size&quot;:&quot;&quot;,&quot;sizes&quot;:{&quot;start&quot;:0,&quot;end&quot;:100}},&quot;play_speed&quot;:{&quot;unit&quot;:&quot;px&quot;,&quot;size&quot;:1,&quot;sizes&quot;:[]},&quot;start_point&quot;:{&quot;unit&quot;:&quot;%&quot;,&quot;size&quot;:0,&quot;sizes&quot;:[]},&quot;end_point&quot;:{&quot;unit&quot;:&quot;%&quot;,&quot;size&quot;:100,&quot;sizes&quot;:[]},&quot;renderer&quot;:&quot;svg&quot;}\" data-widget_type=\"lottie.default\">\n\t\t\t\t<div class=\"elementor-widget-container\">\n\t\t\t\t\t<div class=\"e-lottie__container\"><div class=\"e-lottie__animation\"><\/div><\/div>\t\t\t\t<\/div>\n\t\t\t\t<\/div>\n\t\t\t\t<\/div>\n\t\t\t\t\t<\/div>\n\t\t\t\t<\/div>\n\t\t<div class=\"elementor-element elementor-element-18c5b72 e-flex e-con-boxed e-con e-parent\" data-id=\"18c5b72\" data-element_type=\"container\" data-settings=\"{&quot;background_background&quot;:&quot;classic&quot;}\">\n\t\t\t\t\t<div class=\"e-con-inner\">\n\t\t<div class=\"elementor-element elementor-element-c9df02e e-con-full e-flex e-con e-child\" data-id=\"c9df02e\" data-element_type=\"container\" data-settings=\"{&quot;background_background&quot;:&quot;classic&quot;}\">\n\t\t<div class=\"elementor-element elementor-element-4c9edcf e-con-full e-flex e-con e-child\" data-id=\"4c9edcf\" data-element_type=\"container\">\n\t\t\t\t<div class=\"elementor-element elementor-element-c0d0bce elementor-widget elementor-widget-text-editor\" data-id=\"c0d0bce\" data-element_type=\"widget\" data-widget_type=\"text-editor.default\">\n\t\t\t\t<div class=\"elementor-widget-container\">\n\t\t\t\t\t\t\t\t\t<p>Deshalb haben wir einen exklusiven monatlichen Report entwickelt \u2013 auf Deutsch und speziell f\u00fcr deutschsprachige Unternehmer, die in Portugal, Madeira oder den Azoren t\u00e4tig sind.<\/p><p>Der Report ist in drei Versionen erh\u00e4ltlich \u2013 Base, Business und Master \u2013 und passt sich dem Reifegrad und den Bed\u00fcrfnissen Ihres Unternehmens an. Er enth\u00e4lt Leistungskennzahlen, Vergleichsgrafiken und Steuersimulationen (MwSt, IRS, IRC) \u2013 alles in verst\u00e4ndlichem Deutsch.<\/p>\t\t\t\t\t\t\t\t<\/div>\n\t\t\t\t<\/div>\n\t\t\t\t<\/div>\n\t\t<div class=\"elementor-element elementor-element-3381268 e-con-full e-flex e-con e-child\" data-id=\"3381268\" data-element_type=\"container\">\n\t\t\t\t<div class=\"elementor-element elementor-element-7b35659 elementor-widget elementor-widget-text-editor\" data-id=\"7b35659\" data-element_type=\"widget\" data-widget_type=\"text-editor.default\">\n\t\t\t\t<div class=\"elementor-widget-container\">\n\t\t\t\t\t\t\t\t\t<p>In der umfangreichsten Version, dem Master-Report, sind die drei wichtigsten Finanzberichte enthalten: Gewinn- und Verlustrechnung, Bilanz und Kapitalflussrechnung. Zus\u00e4tzlich umfasst er Budgetkontrolle, Ziel-Ist-Vergleiche, Branchenanalysen und Wettbewerbsvergleiche \u2013 entscheidend f\u00fcr Ihre strategischen Entscheidungen.<\/p>\t\t\t\t\t\t\t\t<\/div>\n\t\t\t\t<\/div>\n\t\t\t\t<div class=\"elementor-element elementor-element-930f01e elementor-widget elementor-widget-text-editor\" data-id=\"930f01e\" data-element_type=\"widget\" data-widget_type=\"text-editor.default\">\n\t\t\t\t<div class=\"elementor-widget-container\">\n\t\t\t\t\t\t\t\t\t<p>Alle Leistungen werden von deutschsprachigen Steuerexperten erbracht, die mit dem portugiesischen Steuerrecht bestens vertraut sind. Die Verbindung aus technischer Pr\u00e4zision, innovativen Analysewerkzeugen und sprachlicher Klarheit macht Pluritime zur ersten Wahl f\u00fcr deutschsprachige Unternehmer in Portugal.<\/p>\t\t\t\t\t\t\t\t<\/div>\n\t\t\t\t<\/div>\n\t\t\t\t<\/div>\n\t\t\t\t<\/div>\n\t\t\t\t\t<\/div>\n\t\t\t\t<\/div>\n\t\t<div class=\"elementor-element elementor-element-a00055e e-flex e-con-boxed e-con e-parent\" data-id=\"a00055e\" data-element_type=\"container\">\n\t\t\t\t\t<div class=\"e-con-inner\">\n\t\t<div class=\"elementor-element elementor-element-8db4624 e-con-full e-flex e-con e-child\" data-id=\"8db4624\" data-element_type=\"container\">\n\t\t\t\t<div class=\"elementor-element elementor-element-b440cf7 elementor-align-center elementor-widget elementor-widget-lottie\" data-id=\"b440cf7\" data-element_type=\"widget\" data-settings=\"{&quot;source_json&quot;:{&quot;url&quot;:&quot;https:\\\/\\\/pluritime.pt\\\/wp-content\\\/uploads\\\/agreement.json&quot;,&quot;id&quot;:437,&quot;size&quot;:&quot;&quot;,&quot;alt&quot;:&quot;&quot;,&quot;source&quot;:&quot;library&quot;},&quot;source&quot;:&quot;media_file&quot;,&quot;caption_source&quot;:&quot;none&quot;,&quot;link_to&quot;:&quot;none&quot;,&quot;trigger&quot;:&quot;arriving_to_viewport&quot;,&quot;viewport&quot;:{&quot;unit&quot;:&quot;%&quot;,&quot;size&quot;:&quot;&quot;,&quot;sizes&quot;:{&quot;start&quot;:0,&quot;end&quot;:100}},&quot;play_speed&quot;:{&quot;unit&quot;:&quot;px&quot;,&quot;size&quot;:1,&quot;sizes&quot;:[]},&quot;start_point&quot;:{&quot;unit&quot;:&quot;%&quot;,&quot;size&quot;:0,&quot;sizes&quot;:[]},&quot;end_point&quot;:{&quot;unit&quot;:&quot;%&quot;,&quot;size&quot;:100,&quot;sizes&quot;:[]},&quot;renderer&quot;:&quot;svg&quot;}\" data-widget_type=\"lottie.default\">\n\t\t\t\t<div class=\"elementor-widget-container\">\n\t\t\t\t\t<div class=\"e-lottie__container\"><div class=\"e-lottie__animation\"><\/div><\/div>\t\t\t\t<\/div>\n\t\t\t\t<\/div>\n\t\t\t\t<div class=\"elementor-element elementor-element-2d3ba74 elementor-widget elementor-widget-heading\" data-id=\"2d3ba74\" data-element_type=\"widget\" data-widget_type=\"heading.default\">\n\t\t\t\t<div class=\"elementor-widget-container\">\n\t\t\t\t\t<h5 class=\"elementor-heading-title elementor-size-default\">Wenn Sie einen exzellenten Buchhaltungsservice suchen, der \u00fcber blo\u00dfe Pflichterf\u00fcllung hinausgeht \u2013 Pluritime ist Ihr idealer Partner.<\/h5>\t\t\t\t<\/div>\n\t\t\t\t<\/div>\n\t\t\t\t<div class=\"elementor-element elementor-element-a9bcd40 elementor-align-center elementor-widget elementor-widget-lottie\" data-id=\"a9bcd40\" data-element_type=\"widget\" data-settings=\"{&quot;source_json&quot;:{&quot;url&quot;:&quot;https:\\\/\\\/pluritime.pt\\\/wp-content\\\/uploads\\\/down-arrow.json&quot;,&quot;id&quot;:436,&quot;size&quot;:&quot;&quot;,&quot;alt&quot;:&quot;&quot;,&quot;source&quot;:&quot;library&quot;},&quot;source&quot;:&quot;media_file&quot;,&quot;caption_source&quot;:&quot;none&quot;,&quot;link_to&quot;:&quot;none&quot;,&quot;trigger&quot;:&quot;arriving_to_viewport&quot;,&quot;viewport&quot;:{&quot;unit&quot;:&quot;%&quot;,&quot;size&quot;:&quot;&quot;,&quot;sizes&quot;:{&quot;start&quot;:0,&quot;end&quot;:100}},&quot;play_speed&quot;:{&quot;unit&quot;:&quot;px&quot;,&quot;size&quot;:1,&quot;sizes&quot;:[]},&quot;start_point&quot;:{&quot;unit&quot;:&quot;%&quot;,&quot;size&quot;:0,&quot;sizes&quot;:[]},&quot;end_point&quot;:{&quot;unit&quot;:&quot;%&quot;,&quot;size&quot;:100,&quot;sizes&quot;:[]},&quot;renderer&quot;:&quot;svg&quot;}\" data-widget_type=\"lottie.default\">\n\t\t\t\t<div class=\"elementor-widget-container\">\n\t\t\t\t\t<div class=\"e-lottie__container\"><div class=\"e-lottie__animation\"><\/div><\/div>\t\t\t\t<\/div>\n\t\t\t\t<\/div>\n\t\t\t\t<\/div>\n\t\t\t\t\t<\/div>\n\t\t\t\t<\/div>\n\t\t<div class=\"elementor-element elementor-element-7c8a0d2 e-flex e-con-boxed e-con e-parent\" data-id=\"7c8a0d2\" data-element_type=\"container\" data-settings=\"{&quot;background_background&quot;:&quot;classic&quot;}\">\n\t\t\t\t\t<div class=\"e-con-inner\">\n\t\t<div class=\"elementor-element elementor-element-7c07049 e-con-full e-flex e-con e-child\" data-id=\"7c07049\" data-element_type=\"container\" data-settings=\"{&quot;background_background&quot;:&quot;classic&quot;}\">\n\t\t\t\t<div class=\"elementor-element elementor-element-ed67fdd elementor-view-default elementor-widget elementor-widget-icon\" data-id=\"ed67fdd\" data-element_type=\"widget\" data-widget_type=\"icon.default\">\n\t\t\t\t<div class=\"elementor-widget-container\">\n\t\t\t\t\t\t\t<div class=\"elementor-icon-wrapper\">\n\t\t\t<div class=\"elementor-icon\">\n\t\t\t<svg xmlns=\"http:\/\/www.w3.org\/2000\/svg\" id=\"uuid-2e67356c-4cd3-42eb-bcd2-fccf2afc335e\" data-name=\"uuid-1c9263ed-6e1d-49cd-a998-d983e1ad0563\" viewBox=\"0 0 498.7 498.7\"><defs><style>      .uuid-d8da615f-e86a-4446-9910-3b7285fe537d {        fill: #8a0115;      }    <\/style><\/defs><path class=\"uuid-d8da615f-e86a-4446-9910-3b7285fe537d\" d=\"M353.17,498.69H0V0h498.7v353.17c0,80.24-65.28,145.53-145.53,145.53h0ZM58.35,440.34h294.82c48.07,0,87.17-39.11,87.17-87.17V58.35H58.35v381.99Z\"><\/path><path class=\"uuid-d8da615f-e86a-4446-9910-3b7285fe537d\" d=\"M299.46,377.67H116.7V112.38h265.29v182.76c0,45.51-37.02,82.53-82.53,82.53h0ZM160.36,334.02h139.1c21.44,0,38.88-17.44,38.88-38.88v-139.1h-177.99v177.99h.01Z\"><\/path><\/svg>\t\t\t<\/div>\n\t\t<\/div>\n\t\t\t\t\t\t<\/div>\n\t\t\t\t<\/div>\n\t\t\t\t<div class=\"elementor-element elementor-element-56bd9f8 elementor-widget elementor-widget-heading\" data-id=\"56bd9f8\" data-element_type=\"widget\" data-widget_type=\"heading.default\">\n\t\t\t\t<div class=\"elementor-widget-container\">\n\t\t\t\t\t<h3 class=\"elementor-heading-title elementor-size-default\">Unser deutschsprachiger Management-Report ist ein echtes Wachstumsinstrument: informativ, klar und entscheidungsrelevant \u2013 in jeder Phase Ihrer Unternehmensentwicklung.<\/h3>\t\t\t\t<\/div>\n\t\t\t\t<\/div>\n\t\t\t\t<div class=\"elementor-element elementor-element-0ae0388 elementor-align-center elementor-widget elementor-widget-button\" data-id=\"0ae0388\" data-element_type=\"widget\" data-widget_type=\"button.default\">\n\t\t\t\t<div class=\"elementor-widget-container\">\n\t\t\t\t\t\t\t\t\t<div class=\"elementor-button-wrapper\">\n\t\t\t\t\t<a class=\"elementor-button elementor-button-link elementor-size-sm\" href=\"#elementor-action%3Aaction%3Dpopup%3Aopen%26settings%3DeyJpZCI6MTE2NCwidG9nZ2xlIjpmYWxzZX0%3D\">\n\t\t\t\t\t\t<span class=\"elementor-button-content-wrapper\">\n\t\t\t\t\t\t<span class=\"elementor-button-icon\">\n\t\t\t\t<svg aria-hidden=\"true\" class=\"e-font-icon-svg e-fab-wpforms\" viewBox=\"0 0 448 512\" xmlns=\"http:\/\/www.w3.org\/2000\/svg\"><path d=\"M448 75.2v361.7c0 24.3-19 43.2-43.2 43.2H43.2C19.3 480 0 461.4 0 436.8V75.2C0 51.1 18.8 32 43.2 32h361.7c24 0 43.1 18.8 43.1 43.2zm-37.3 361.6V75.2c0-3-2.6-5.8-5.8-5.8h-9.3L285.3 144 224 94.1 162.8 144 52.5 69.3h-9.3c-3.2 0-5.8 2.8-5.8 5.8v361.7c0 3 2.6 5.8 5.8 5.8h361.7c3.2.1 5.8-2.7 5.8-5.8zM150.2 186v37H76.7v-37h73.5zm0 74.4v37.3H76.7v-37.3h73.5zm11.1-147.3l54-43.7H96.8l64.5 43.7zm210 72.9v37h-196v-37h196zm0 74.4v37.3h-196v-37.3h196zm-84.6-147.3l64.5-43.7H232.8l53.9 43.7zM371.3 335v37.3h-99.4V335h99.4z\"><\/path><\/svg>\t\t\t<\/span>\n\t\t\t\t\t\t\t\t\t<span class=\"elementor-button-text\">Kontaktieren Sie uns<\/span>\n\t\t\t\t\t<\/span>\n\t\t\t\t\t<\/a>\n\t\t\t\t<\/div>\n\t\t\t\t\t\t\t\t<\/div>\n\t\t\t\t<\/div>\n\t\t\t\t<\/div>\n\t\t\t\t\t<\/div>\n\t\t\t\t<\/div>\n\t\t\t\t<\/div>\n\t\t","protected":false},"excerpt":{"rendered":"<p>Exklusiver Management-Report von Pluritime Hochwertige Information, vollst\u00e4ndig auf Deutsch Bei Pluritime verstehen wir Buchhaltung als strategisches Instrument zur Unternehmensentwicklung. Deshalb haben wir einen exklusiven monatlichen Report entwickelt \u2013 auf Deutsch und speziell f\u00fcr deutschsprachige Unternehmer, die in Portugal, Madeira oder den Azoren t\u00e4tig sind. Der Report ist in drei Versionen erh\u00e4ltlich \u2013 Base, Business und [&hellip;]<\/p>\n","protected":false},"author":1,"featured_media":0,"parent":0,"menu_order":0,"comment_status":"closed","ping_status":"closed","template":"","meta":{"_joinchat":[],"footnotes":""},"class_list":["post-1157","page","type-page","status-publish","hentry"],"yoast_head":"<!-- This site is optimized with the Yoast SEO plugin v25.7 - https:\/\/yoast.com\/wordpress\/plugins\/seo\/ -->\n<title>Buchhaltung und Finanzreporting auf Deutsch f\u00fcr Unternehmer in Portugal, Madeira und den Azoren - Pluritime<\/title>\n<meta name=\"robots\" content=\"index, follow, max-snippet:-1, max-image-preview:large, max-video-preview:-1\" \/>\n<link rel=\"canonical\" href=\"https:\/\/pluritime.pt\/de\/buchhaltung-und-finanzreporting-auf-deutsch-fuer-unternehmer-in-portugal-madeira-und-den-azoren\/\" \/>\n<meta property=\"og:locale\" content=\"de_DE\" \/>\n<meta property=\"og:type\" content=\"article\" \/>\n<meta property=\"og:title\" content=\"Buchhaltung und Finanzreporting auf Deutsch f\u00fcr Unternehmer in Portugal, Madeira und den Azoren - Pluritime\" \/>\n<meta property=\"og:description\" content=\"Exklusiver Management-Report von Pluritime Hochwertige Information, vollst\u00e4ndig auf Deutsch Bei Pluritime verstehen wir Buchhaltung als strategisches Instrument zur Unternehmensentwicklung. Deshalb haben wir einen exklusiven monatlichen Report entwickelt \u2013 auf Deutsch und speziell f\u00fcr deutschsprachige Unternehmer, die in Portugal, Madeira oder den Azoren t\u00e4tig sind. Der Report ist in drei Versionen erh\u00e4ltlich \u2013 Base, Business und [&hellip;]\" \/>\n<meta property=\"og:url\" content=\"https:\/\/pluritime.pt\/de\/buchhaltung-und-finanzreporting-auf-deutsch-fuer-unternehmer-in-portugal-madeira-und-den-azoren\/\" \/>\n<meta property=\"og:site_name\" content=\"Pluritime\" \/>\n<meta property=\"article:modified_time\" content=\"2025-08-13T15:34:14+00:00\" \/>\n<meta name=\"twitter:card\" content=\"summary_large_image\" \/>\n<meta name=\"twitter:label1\" content=\"Gesch\u00e4tzte Lesezeit\" \/>\n\t<meta name=\"twitter:data1\" content=\"1\u00a0Minute\" \/>\n<script type=\"application\/ld+json\" class=\"yoast-schema-graph\">{\"@context\":\"https:\/\/schema.org\",\"@graph\":[{\"@type\":\"WebPage\",\"@id\":\"https:\/\/pluritime.pt\/de\/buchhaltung-und-finanzreporting-auf-deutsch-fuer-unternehmer-in-portugal-madeira-und-den-azoren\/\",\"url\":\"https:\/\/pluritime.pt\/de\/buchhaltung-und-finanzreporting-auf-deutsch-fuer-unternehmer-in-portugal-madeira-und-den-azoren\/\",\"name\":\"Buchhaltung und Finanzreporting auf Deutsch f\u00fcr Unternehmer in Portugal, Madeira und den Azoren - Pluritime\",\"isPartOf\":{\"@id\":\"https:\/\/pluritime.pt\/de\/#website\"},\"datePublished\":\"2025-08-12T15:42:22+00:00\",\"dateModified\":\"2025-08-13T15:34:14+00:00\",\"breadcrumb\":{\"@id\":\"https:\/\/pluritime.pt\/de\/buchhaltung-und-finanzreporting-auf-deutsch-fuer-unternehmer-in-portugal-madeira-und-den-azoren\/#breadcrumb\"},\"inLanguage\":\"de\",\"potentialAction\":[{\"@type\":\"ReadAction\",\"target\":[\"https:\/\/pluritime.pt\/de\/buchhaltung-und-finanzreporting-auf-deutsch-fuer-unternehmer-in-portugal-madeira-und-den-azoren\/\"]}]},{\"@type\":\"BreadcrumbList\",\"@id\":\"https:\/\/pluritime.pt\/de\/buchhaltung-und-finanzreporting-auf-deutsch-fuer-unternehmer-in-portugal-madeira-und-den-azoren\/#breadcrumb\",\"itemListElement\":[{\"@type\":\"ListItem\",\"position\":1,\"name\":\"In\u00edcio\",\"item\":\"https:\/\/pluritime.pt\/de\/\"},{\"@type\":\"ListItem\",\"position\":2,\"name\":\"Buchhaltung und Finanzreporting auf Deutsch f\u00fcr Unternehmer in Portugal, Madeira und den Azoren\"}]},{\"@type\":\"WebSite\",\"@id\":\"https:\/\/pluritime.pt\/de\/#website\",\"url\":\"https:\/\/pluritime.pt\/de\/\",\"name\":\"Pluritime\",\"description\":\"\",\"potentialAction\":[{\"@type\":\"SearchAction\",\"target\":{\"@type\":\"EntryPoint\",\"urlTemplate\":\"https:\/\/pluritime.pt\/de\/?s={search_term_string}\"},\"query-input\":{\"@type\":\"PropertyValueSpecification\",\"valueRequired\":true,\"valueName\":\"search_term_string\"}}],\"inLanguage\":\"de\"}]}<\/script>\n<!-- \/ Yoast SEO plugin. -->","yoast_head_json":{"title":"Buchhaltung und Finanzreporting auf Deutsch f\u00fcr Unternehmer in Portugal, Madeira und den Azoren - Pluritime","robots":{"index":"index","follow":"follow","max-snippet":"max-snippet:-1","max-image-preview":"max-image-preview:large","max-video-preview":"max-video-preview:-1"},"canonical":"https:\/\/pluritime.pt\/de\/buchhaltung-und-finanzreporting-auf-deutsch-fuer-unternehmer-in-portugal-madeira-und-den-azoren\/","og_locale":"de_DE","og_type":"article","og_title":"Buchhaltung und Finanzreporting auf Deutsch f\u00fcr Unternehmer in Portugal, Madeira und den Azoren - Pluritime","og_description":"Exklusiver Management-Report von Pluritime Hochwertige Information, vollst\u00e4ndig auf Deutsch Bei Pluritime verstehen wir Buchhaltung als strategisches Instrument zur Unternehmensentwicklung. Deshalb haben wir einen exklusiven monatlichen Report entwickelt \u2013 auf Deutsch und speziell f\u00fcr deutschsprachige Unternehmer, die in Portugal, Madeira oder den Azoren t\u00e4tig sind. Der Report ist in drei Versionen erh\u00e4ltlich \u2013 Base, Business und [&hellip;]","og_url":"https:\/\/pluritime.pt\/de\/buchhaltung-und-finanzreporting-auf-deutsch-fuer-unternehmer-in-portugal-madeira-und-den-azoren\/","og_site_name":"Pluritime","article_modified_time":"2025-08-13T15:34:14+00:00","twitter_card":"summary_large_image","twitter_misc":{"Gesch\u00e4tzte Lesezeit":"1\u00a0Minute"},"schema":{"@context":"https:\/\/schema.org","@graph":[{"@type":"WebPage","@id":"https:\/\/pluritime.pt\/de\/buchhaltung-und-finanzreporting-auf-deutsch-fuer-unternehmer-in-portugal-madeira-und-den-azoren\/","url":"https:\/\/pluritime.pt\/de\/buchhaltung-und-finanzreporting-auf-deutsch-fuer-unternehmer-in-portugal-madeira-und-den-azoren\/","name":"Buchhaltung und Finanzreporting auf Deutsch f\u00fcr Unternehmer in Portugal, Madeira und den Azoren - Pluritime","isPartOf":{"@id":"https:\/\/pluritime.pt\/de\/#website"},"datePublished":"2025-08-12T15:42:22+00:00","dateModified":"2025-08-13T15:34:14+00:00","breadcrumb":{"@id":"https:\/\/pluritime.pt\/de\/buchhaltung-und-finanzreporting-auf-deutsch-fuer-unternehmer-in-portugal-madeira-und-den-azoren\/#breadcrumb"},"inLanguage":"de","potentialAction":[{"@type":"ReadAction","target":["https:\/\/pluritime.pt\/de\/buchhaltung-und-finanzreporting-auf-deutsch-fuer-unternehmer-in-portugal-madeira-und-den-azoren\/"]}]},{"@type":"BreadcrumbList","@id":"https:\/\/pluritime.pt\/de\/buchhaltung-und-finanzreporting-auf-deutsch-fuer-unternehmer-in-portugal-madeira-und-den-azoren\/#breadcrumb","itemListElement":[{"@type":"ListItem","position":1,"name":"In\u00edcio","item":"https:\/\/pluritime.pt\/de\/"},{"@type":"ListItem","position":2,"name":"Buchhaltung und Finanzreporting auf Deutsch f\u00fcr Unternehmer in Portugal, Madeira und den Azoren"}]},{"@type":"WebSite","@id":"https:\/\/pluritime.pt\/de\/#website","url":"https:\/\/pluritime.pt\/de\/","name":"Pluritime","description":"","potentialAction":[{"@type":"SearchAction","target":{"@type":"EntryPoint","urlTemplate":"https:\/\/pluritime.pt\/de\/?s={search_term_string}"},"query-input":{"@type":"PropertyValueSpecification","valueRequired":true,"valueName":"search_term_string"}}],"inLanguage":"de"}]}},"_links":{"self":[{"href":"https:\/\/pluritime.pt\/de\/wp-json\/wp\/v2\/pages\/1157","targetHints":{"allow":["GET"]}}],"collection":[{"href":"https:\/\/pluritime.pt\/de\/wp-json\/wp\/v2\/pages"}],"about":[{"href":"https:\/\/pluritime.pt\/de\/wp-json\/wp\/v2\/types\/page"}],"author":[{"embeddable":true,"href":"https:\/\/pluritime.pt\/de\/wp-json\/wp\/v2\/users\/1"}],"replies":[{"embeddable":true,"href":"https:\/\/pluritime.pt\/de\/wp-json\/wp\/v2\/comments?post=1157"}],"version-history":[{"count":0,"href":"https:\/\/pluritime.pt\/de\/wp-json\/wp\/v2\/pages\/1157\/revisions"}],"wp:attachment":[{"href":"https:\/\/pluritime.pt\/de\/wp-json\/wp\/v2\/media?parent=1157"}],"curies":[{"name":"wp","href":"https:\/\/api.w.org\/{rel}","templated":true}]}}